{"id":659,"date":"2024-06-21T11:58:57","date_gmt":"2024-06-21T11:58:57","guid":{"rendered":"https:\/\/mirarotulaciones.com\/?page_id=659"},"modified":"2024-06-21T12:04:03","modified_gmt":"2024-06-21T12:04:03","slug":"derechos-propiedad-intelectual-y-proteccion-de-datos","status":"publish","type":"page","link":"https:\/\/mirarotulaciones.com\/?page_id=659","title":{"rendered":"DERECHOS, PROPIEDAD INTELECTUAL Y PROTECCI\u00d3N DE DATOS"},"content":{"rendered":"\t\t<div data-elementor-type=\"wp-page\" data-elementor-id=\"659\" class=\"elementor elementor-659\" data-elementor-post-type=\"page\">\n\t\t\t\t\t\t<section class=\"elementor-section elementor-top-section elementor-element elementor-element-25bda6b elementor-section-boxed elementor-section-height-default elementor-section-height-default\" data-id=\"25bda6b\" data-element_type=\"section\">\n\t\t\t\t\t\t<div class=\"elementor-container elementor-column-gap-default\">\n\t\t\t\t\t<div class=\"elementor-column elementor-col-100 elementor-top-column elementor-element elementor-element-cd91e70\" data-id=\"cd91e70\" data-element_type=\"column\">\n\t\t\t<div class=\"elementor-widget-wrap elementor-element-populated\">\n\t\t\t\t\t\t<div class=\"elementor-element elementor-element-90113d9 elementor-widget elementor-widget-text-editor\" data-id=\"90113d9\" data-element_type=\"widget\" data-widget_type=\"text-editor.default\">\n\t\t\t\t<div class=\"elementor-widget-container\">\n\t\t\t\t\t\t\t\t\t<p><br \/><strong>Propiedad Intelectual:<\/strong><\/p><p>Todo el contenido del sitio web www.mirarotulaciones.com, incluidos gr\u00e1ficos, im\u00e1genes, textos y herramientas de software, es propiedad intelectual de MIRA ROTULACIONES E IMPRESIONES S. L. Queda estrictamente prohibido retener, plagiar, ceder, vender, publicar o utilizar total o parcialmente dicho contenido sin autorizaci\u00f3n.<\/p><p>Los dise\u00f1os creados por los usuarios mantendr\u00e1n la propiedad intelectual del usuario, aunque este cede los derechos de uso a www.mirarotulaciones.com para mostrar dichos dise\u00f1os como ejemplos a futuros usuarios.<\/p><p>Los archivos proporcionados por los usuarios se almacenar\u00e1n indefinidamente en los servidores de www.mirarotulaciones.com, y no ser\u00e1n devueltos salvo acuerdo expreso entre el usuario y www.mirarotulaciones.com, prevaleciendo siempre la decisi\u00f3n de esta \u00faltima.<\/p><p>MIRA ROTULACIONES E IMPRESIONES S. L. elaborar\u00e1 los productos exclusivamente en base a la informaci\u00f3n y dise\u00f1os proporcionados por el cliente, sin asumir responsabilidad sobre el contenido de dichos dise\u00f1os. Los usuarios garantizan ser titulares de los derechos de propiedad intelectual o industrial sobre los elementos contenidos en sus dise\u00f1os, o tener derecho al uso de dichos elementos. En caso de infracci\u00f3n, toda responsabilidad recaer\u00e1 \u00fanicamente sobre el usuario.<\/p><p>El cliente mantendr\u00e1 indemne a www.mirarotulaciones.com de cualquier responsabilidad derivada de reclamaciones de terceros, y podr\u00e1 exigirle indemnizaci\u00f3n por los da\u00f1os y perjuicios ocasionados.<\/p><p>En caso de detectar contenido protegido por derechos de terceros, los usuarios deben comunicarlo a www.mirarotulaciones.com para su retirada tras las verificaciones pertinentes.<\/p><p><strong>Legislaci\u00f3n Aplicable y Jurisdicci\u00f3n:<\/strong><\/p><p>Cualquier asunto relacionado con la protecci\u00f3n de derechos de autor o propiedad intelectual, as\u00ed como el uso del sitio web, se regir\u00e1 por las leyes espa\u00f1olas. El usuario acepta someterse a la jurisdicci\u00f3n de los juzgados de Las Palmas, renunciando a su propio fuero.<\/p><p><strong>Permisos y Uso del Sitio:<\/strong><\/p><p>El uso del sitio web www.mirarotulaciones.com se limita a la obtenci\u00f3n de informaci\u00f3n sobre productos y servicios. El usuario se compromete a no utilizar el sitio para servicios ajenos, ni incluir im\u00e1genes o marcas registradas sin permiso. Adem\u00e1s, autoriza a www.mirarotulaciones.com a procesar sus pedidos.<\/p><p>www.mirarotulaciones.com se reserva el derecho de interrumpir la producci\u00f3n de trabajos que no cumplan estas condiciones.<\/p><p><strong>Privacidad y Seguridad:<\/strong><\/p><p>La utilizaci\u00f3n de ciertos servicios o solicitudes en www.mirarotulaciones.com requiere el registro previo del usuario. Los datos de acceso proporcionados son personales e intransferibles, siendo responsabilidad del usuario comunicar cualquier cambio en sus datos personales.<\/p><p>El usuario consiente la inclusi\u00f3n de nuevos servicios y la modificaci\u00f3n de los existentes, as\u00ed como la actualizaci\u00f3n de precios y condiciones. Es responsabilidad del usuario impedir el acceso a sus c\u00f3digos de identificaci\u00f3n por terceros, y comunicar cualquier p\u00e9rdida o uso no autorizado de los mismos.<\/p><p>El usuario puede darse de baja en cualquier momento, sin car\u00e1cter retroactivo, mediante solicitud a info@mirarotulaciones.com.<\/p><p><strong>Confidencialidad y Protecci\u00f3n de Datos Personales:<\/strong><\/p><p>MIRA ROTULACIONES E IMPRESIONES S. L. cumplir\u00e1 con la legislaci\u00f3n vigente sobre protecci\u00f3n de datos, en particular la Ley Org\u00e1nica 15\/1999 de Protecci\u00f3n de Datos de Car\u00e1cter Personal. Se adoptar\u00e1n las medidas necesarias para evitar la alteraci\u00f3n, p\u00e9rdida, tratamiento o acceso no autorizado a los datos, garantizando su confidencialidad.<\/p><p>Los datos personales recabados se incluir\u00e1n en un fichero propiedad de MIRA ROTULACIONES E IMPRESIONES S. L., destinado a mantener las relaciones comerciales y prestar servicios derivados de su actividad. Estos datos podr\u00e1n ser utilizados para enviar informaci\u00f3n comercial sobre productos y servicios propios o de terceros, salvo que el usuario indique lo contrario.<\/p><p>El usuario tiene derecho a acceder, rectificar y cancelar sus datos enviando un correo a info@mirarotulaciones.com.<\/p><p>Responsabilidad de www.mirarotulaciones.com:<\/p><p>MIRA ROTULACIONES E IMPRESIONES S. L. no ser\u00e1 responsable de los da\u00f1os causados por imposibilidad de prestar el servicio en casos de fuerza mayor, y no se responsabiliza de da\u00f1os indirectos, imprevisibles o especiales.<\/p><p><strong>Resoluci\u00f3n y Desistimiento:<\/strong><\/p><p>MIRA ROTULACIONES E IMPRESIONES S. L. se reserva el derecho de resolver o desistir del contrato en caso de justa causa, como contenido inapropiado en los dise\u00f1os facilitados por el cliente.<\/p><p><strong>Disposiciones Finales:<\/strong><\/p><p>En caso de que alguna condici\u00f3n general fuera inv\u00e1lida, ser\u00e1 sustituida por otra que refleje la intenci\u00f3n inicial de las partes. La invalidez de una condici\u00f3n no afectar\u00e1 al resto.<\/p><p>Para cualquier cuesti\u00f3n derivada de estas condiciones generales, las partes se someten a la jurisdicci\u00f3n de los Tribunales de Las Palmas.<\/p><p>\u00a0<\/p>\t\t\t\t\t\t\t\t<\/div>\n\t\t\t\t<\/div>\n\t\t\t\t\t<\/div>\n\t\t<\/div>\n\t\t\t\t\t<\/div>\n\t\t<\/section>\n\t\t\t\t<\/div>\n\t\t","protected":false},"excerpt":{"rendered":"<p>Propiedad Intelectual: Todo el contenido del sitio web www.mirarotulaciones.com, incluidos gr\u00e1ficos, im\u00e1genes, textos y herramientas de software, es propiedad intelectual de MIRA ROTULACIONES E IMPRESIONES S. L. Queda estrictamente prohibido retener, plagiar, ceder, vender, publicar o utilizar total o parcialmente dicho contenido sin autorizaci\u00f3n. Los dise\u00f1os creados por los usuarios mantendr\u00e1n la propiedad intelectual del [&hellip;]<\/p>\n","protected":false},"author":1,"featured_media":0,"parent":0,"menu_order":0,"comment_status":"closed","ping_status":"closed","template":"","meta":{"footnotes":""},"class_list":["post-659","page","type-page","status-publish","hentry"],"_links":{"self":[{"href":"https:\/\/mirarotulaciones.com\/index.php?rest_route=\/wp\/v2\/pages\/659","targetHints":{"allow":["GET"]}}],"collection":[{"href":"https:\/\/mirarotulaciones.com\/index.php?rest_route=\/wp\/v2\/pages"}],"about":[{"href":"https:\/\/mirarotulaciones.com\/index.php?rest_route=\/wp\/v2\/types\/page"}],"author":[{"embeddable":true,"href":"https:\/\/mirarotulaciones.com\/index.php?rest_route=\/wp\/v2\/users\/1"}],"replies":[{"embeddable":true,"href":"https:\/\/mirarotulaciones.com\/index.php?rest_route=%2Fwp%2Fv2%2Fcomments&post=659"}],"version-history":[{"count":4,"href":"https:\/\/mirarotulaciones.com\/index.php?rest_route=\/wp\/v2\/pages\/659\/revisions"}],"predecessor-version":[{"id":664,"href":"https:\/\/mirarotulaciones.com\/index.php?rest_route=\/wp\/v2\/pages\/659\/revisions\/664"}],"wp:attachment":[{"href":"https:\/\/mirarotulaciones.com\/index.php?rest_route=%2Fwp%2Fv2%2Fmedia&parent=659"}],"curies":[{"name":"wp","href":"https:\/\/api.w.org\/{rel}","templated":true}]}}