{"id":12,"date":"2022-12-22T09:25:43","date_gmt":"2022-12-22T09:25:43","guid":{"rendered":"https:\/\/mirarotulaciones.com\/?p=12"},"modified":"2023-02-21T12:48:33","modified_gmt":"2023-02-21T12:48:33","slug":"quienes-somos","status":"publish","type":"page","link":"https:\/\/mirarotulaciones.com\/?page_id=12","title":{"rendered":"Quienes somos"},"content":{"rendered":"\t\t<div data-elementor-type=\"wp-page\" data-elementor-id=\"12\" class=\"elementor elementor-12\" data-elementor-post-type=\"page\">\n\t\t\t\t\t\t<section class=\"elementor-section elementor-top-section elementor-element elementor-element-52239efb elementor-section-boxed elementor-section-height-default elementor-section-height-default\" data-id=\"52239efb\" data-element_type=\"section\" data-settings=\"{&quot;background_background&quot;:&quot;classic&quot;,&quot;shape_divider_top&quot;:&quot;arrow&quot;}\">\n\t\t\t\t\t<div class=\"elementor-shape elementor-shape-top\" aria-hidden=\"true\" data-negative=\"false\">\n\t\t\t<svg xmlns=\"http:\/\/www.w3.org\/2000\/svg\" viewBox=\"0 0 700 10\" preserveAspectRatio=\"none\">\n\t<path class=\"elementor-shape-fill\" d=\"M350,10L340,0h20L350,10z\"\/>\n<\/svg>\t\t<\/div>\n\t\t\t\t\t<div class=\"elementor-container elementor-column-gap-default\">\n\t\t\t\t\t<div class=\"elementor-column elementor-col-100 elementor-top-column elementor-element elementor-element-4f971591\" data-id=\"4f971591\" data-element_type=\"column\">\n\t\t\t<div class=\"elementor-widget-wrap elementor-element-populated\">\n\t\t\t\t\t\t<div class=\"elementor-element elementor-element-55021bf5 elementor-widget-divider--view-line_text elementor-widget-divider--separator-type-pattern elementor-widget-divider--element-align-center elementor-widget elementor-widget-divider\" data-id=\"55021bf5\" data-element_type=\"widget\" data-widget_type=\"divider.default\">\n\t\t\t\t<div class=\"elementor-widget-container\">\n\t\t\t\t\t\t\t<div class=\"elementor-divider\" style=\"--divider-pattern-url: url(&quot;data:image\/svg+xml,%3Csvg xmlns=&#039;http:\/\/www.w3.org\/2000\/svg&#039; preserveAspectRatio=&#039;none&#039; overflow=&#039;visible&#039; height=&#039;100%&#039; viewBox=&#039;0 0 20 16&#039; fill=&#039;none&#039; stroke=&#039;black&#039; stroke-width=&#039;1&#039; stroke-linecap=&#039;square&#039; stroke-miterlimit=&#039;10&#039;%3E%3Cg transform=&#039;translate(-12.000000, 0)&#039;%3E%3Cpath d=&#039;M28,0L10,18&#039;\/%3E%3Cpath d=&#039;M18,0L0,18&#039;\/%3E%3Cpath d=&#039;M48,0L30,18&#039;\/%3E%3Cpath d=&#039;M38,0L20,18&#039;\/%3E%3C\/g%3E%3C\/svg%3E&quot;);\">\n\t\t\t<span class=\"elementor-divider-separator\">\n\t\t\t\t\t\t\t<span class=\"elementor-divider__text elementor-divider__element\">\n\t\t\t\tMira Rotulaciones\t\t\t\t<\/span>\n\t\t\t\t\t\t<\/span>\n\t\t<\/div>\n\t\t\t\t\t\t<\/div>\n\t\t\t\t<\/div>\n\t\t\t\t<div class=\"elementor-element elementor-element-3d389ef8 elementor-widget elementor-widget-text-editor\" data-id=\"3d389ef8\" data-element_type=\"widget\" data-widget_type=\"text-editor.default\">\n\t\t\t\t<div class=\"elementor-widget-container\">\n\t\t\t\t\t\t\t\t\t<p>Nos complace darle la bienvenida a nuestro sitio web. A partir de ahora puede conocer, con una nueva imagen, nuestra empresa y los productos o servicios que ponemos a su disposici\u00f3n: una amplia gama dise\u00f1ada para responder a sus necesidades.<\/p>\t\t\t\t\t\t\t\t<\/div>\n\t\t\t\t<\/div>\n\t\t\t\t<div class=\"elementor-element elementor-element-7c141b0e elementor-widget-divider--view-line elementor-widget elementor-widget-divider\" data-id=\"7c141b0e\" data-element_type=\"widget\" data-widget_type=\"divider.default\">\n\t\t\t\t<div class=\"elementor-widget-container\">\n\t\t\t\t\t\t\t<div class=\"elementor-divider\">\n\t\t\t<span class=\"elementor-divider-separator\">\n\t\t\t\t\t\t<\/span>\n\t\t<\/div>\n\t\t\t\t\t\t<\/div>\n\t\t\t\t<\/div>\n\t\t\t\t<section class=\"elementor-section elementor-inner-section elementor-element elementor-element-6ac0796e elementor-section-boxed elementor-section-height-default elementor-section-height-default\" data-id=\"6ac0796e\" data-element_type=\"section\" data-settings=\"{&quot;background_background&quot;:&quot;classic&quot;}\">\n\t\t\t\t\t\t<div class=\"elementor-container elementor-column-gap-default\">\n\t\t\t\t\t<div class=\"elementor-column elementor-col-100 elementor-inner-column elementor-element elementor-element-206c5e3b\" data-id=\"206c5e3b\" data-element_type=\"column\">\n\t\t\t<div class=\"elementor-widget-wrap elementor-element-populated\">\n\t\t\t\t\t\t<div class=\"elementor-element elementor-element-77be5272 elementor-widget elementor-widget-text-editor\" data-id=\"77be5272\" data-element_type=\"widget\" data-widget_type=\"text-editor.default\">\n\t\t\t\t<div class=\"elementor-widget-container\">\n\t\t\t\t\t\t\t\t\t<p>Mira rotulaciones cuenta con m\u00e1s de 10 a\u00f1os de experiencia en el sector, a los que tendr\u00edamos que sumar otros 5 a\u00f1os como empleadas en otra empresa de publicidad.<\/p><p>Nuestro equipo formado principalmente por mujeres presume de la capacidad necesaria para realizar cualquier tipo de proyecto, abarcando tanto el dise\u00f1o, como la producci\u00f3n y la instalaci\u00f3n de los distintos materiales manipulados previamente en el taller.<\/p><p>Una premisa ampliamente aceptada est\u00e1 en la estrategia de elaborar, con la mayor rapidez posible, los presupuestos solicitados, gestionando a continuaci\u00f3n, y tambi\u00e9n en el menor tiempo posible, la manipulaci\u00f3n de soportes, impresiones o acabados necesarios para cada proyecto.<\/p><p>Nuestra equilibrada relaci\u00f3n calidad-precio son nuestra mejor carta de presentaci\u00f3n. Contamos con una amplia cartera de clientes, tanto grandes como peque\u00f1os, destacando en el sector por el buen hacer, la calidad y la seriedad a la hora de llevar a cabo las terminaciones, instalaciones y entregas de los productos solicitados.<\/p><p>H\u00e1ganos llegar sus dudas. Estamos aqu\u00ed para ayudarles.<\/p>\t\t\t\t\t\t\t\t<\/div>\n\t\t\t\t<\/div>\n\t\t\t\t\t<\/div>\n\t\t<\/div>\n\t\t\t\t\t<\/div>\n\t\t<\/section>\n\t\t\t\t\t<\/div>\n\t\t<\/div>\n\t\t\t\t\t<\/div>\n\t\t<\/section>\n\t\t\t\t<\/div>\n\t\t","protected":false},"excerpt":{"rendered":"<p>Mira Rotulaciones Nos complace darle la bienvenida a nuestro sitio web. A partir de ahora puede conocer, con una nueva imagen, nuestra empresa y los productos o servicios que ponemos a su disposici\u00f3n: una amplia gama dise\u00f1ada para responder a sus necesidades. Mira rotulaciones cuenta con m\u00e1s de 10 a\u00f1os de experiencia en el sector, [&hellip;]<\/p>\n","protected":false},"author":1,"featured_media":0,"parent":0,"menu_order":0,"comment_status":"closed","ping_status":"closed","template":"","meta":{"footnotes":""},"class_list":["post-12","page","type-page","status-publish","hentry"],"_links":{"self":[{"href":"https:\/\/mirarotulaciones.com\/index.php?rest_route=\/wp\/v2\/pages\/12","targetHints":{"allow":["GET"]}}],"collection":[{"href":"https:\/\/mirarotulaciones.com\/index.php?rest_route=\/wp\/v2\/pages"}],"about":[{"href":"https:\/\/mirarotulaciones.com\/index.php?rest_route=\/wp\/v2\/types\/page"}],"author":[{"embeddable":true,"href":"https:\/\/mirarotulaciones.com\/index.php?rest_route=\/wp\/v2\/users\/1"}],"replies":[{"embeddable":true,"href":"https:\/\/mirarotulaciones.com\/index.php?rest_route=%2Fwp%2Fv2%2Fcomments&post=12"}],"version-history":[{"count":7,"href":"https:\/\/mirarotulaciones.com\/index.php?rest_route=\/wp\/v2\/pages\/12\/revisions"}],"predecessor-version":[{"id":591,"href":"https:\/\/mirarotulaciones.com\/index.php?rest_route=\/wp\/v2\/pages\/12\/revisions\/591"}],"wp:attachment":[{"href":"https:\/\/mirarotulaciones.com\/index.php?rest_route=%2Fwp%2Fv2%2Fmedia&parent=12"}],"curies":[{"name":"wp","href":"https:\/\/api.w.org\/{rel}","templated":true}]}}